{"id":14129,"date":"2024-10-08T13:44:33","date_gmt":"2024-10-08T13:44:33","guid":{"rendered":"https:\/\/bmp.pe\/en\/?page_id=14129"},"modified":"2024-10-08T13:48:37","modified_gmt":"2024-10-08T13:48:37","slug":"politica-de-privacidad-de-la-aplicacion-yapruebame","status":"publish","type":"page","link":"https:\/\/bmp.pe\/en\/politica-de-privacidad-de-la-aplicacion-yapruebame\/","title":{"rendered":"POL\u00cdTICA DE PRIVACIDAD DE LA APLICACI\u00d3N YAPRUEBAME"},"content":{"rendered":"<p>[et_pb_section fb_built=&#8221;1&#8243; theme_builder_area=&#8221;post_content&#8221; _builder_version=&#8221;4.27.0&#8243; _module_preset=&#8221;default&#8221;][et_pb_row _builder_version=&#8221;4.27.0&#8243; _module_preset=&#8221;default&#8221; theme_builder_area=&#8221;post_content&#8221; admin_label=&#8221;Row&#8221;][et_pb_column _builder_version=&#8221;4.27.0&#8243; _module_preset=&#8221;default&#8221; type=&#8221;4_4&#8243; theme_builder_area=&#8221;post_content&#8221;][et_pb_post_title _builder_version=&#8221;4.27.0&#8243; _module_preset=&#8221;default&#8221; theme_builder_area=&#8221;post_content&#8221; admin_label=&#8221;Post Title&#8221; disabled_on=&#8221;off|off|off&#8221; hover_enabled=&#8221;0&#8243; sticky_enabled=&#8221;0&#8243;][\/et_pb_post_title][et_pb_text _builder_version=&#8221;4.27.0&#8243; _module_preset=&#8221;default&#8221; theme_builder_area=&#8221;post_content&#8221; hover_enabled=&#8221;0&#8243; sticky_enabled=&#8221;0&#8243;]<\/p>\n<p><span style=\"font-weight: 400;\">Esta pol\u00edtica de privacidad, describe como Agr\u00edcola Los Buenos Muchachos de Pisco S.A.C. recopila, utiliza y comparte informaci\u00f3n en relaci\u00f3n con la aplicaci\u00f3n m\u00f3vil YAPRUEBAME.<\/span><\/p>\n<p><b><\/b><\/p>\n<ul>\n<li aria-level=\"1\"><b>SOBRE LA INFORMACI\u00d3N RECOPILADA<\/b><\/li>\n<\/ul>\n<p><span style=\"font-weight: 400;\">Como usuario de la Aplicaci\u00f3n, ponemos en su conocimiento que los datos que recopilamos son utilizados \u00fanica y exclusivamente para garantizar el buen funcionamiento de la misma y estos no se comparten ni revelan a terceros sin su respectiva autorizaci\u00f3n. Cuando utilizas la aplicaci\u00f3n, podemos recopilar informaci\u00f3n personal limitada como:<\/span><\/p>\n<ul>\n<li aria-level=\"1\"><span style=\"font-weight: 400;\">Nombres, Apellidos y n\u00famero de documento de identidad<\/span><\/li>\n<\/ul>\n<ul>\n<li aria-level=\"1\"><span style=\"font-weight: 400;\">Correo electr\u00f3nico<\/span><\/li>\n<\/ul>\n<ul>\n<li aria-level=\"1\"><span style=\"font-weight: 400;\">N\u00famero de celular<\/span><\/li>\n<\/ul>\n<ul>\n<li aria-level=\"1\"><span style=\"font-weight: 400;\">Ubicaci\u00f3n\u00a0<\/span><\/li>\n<\/ul>\n<ul>\n<li aria-level=\"1\"><span style=\"font-weight: 400;\">Informaci\u00f3n sobre c\u00f3mo utilizan la aplicaci\u00f3n<\/span><\/li>\n<\/ul>\n<ul>\n<li aria-level=\"1\"><span style=\"font-weight: 400;\">Tiempo de uso y preferencias<\/span><\/li>\n<\/ul>\n<ul>\n<li aria-level=\"1\"><span style=\"font-weight: 400;\">Direcci\u00f3n IP<\/span><\/li>\n<\/ul>\n<ul>\n<li aria-level=\"1\"><span style=\"font-weight: 400;\">Tipo de dispositivo<\/span><\/li>\n<\/ul>\n<ul>\n<li aria-level=\"1\"><span style=\"font-weight: 400;\">Sistema operativo<\/span><\/li>\n<\/ul>\n<ul>\n<li aria-level=\"1\"><span style=\"font-weight: 400;\">Versi\u00f3n de la aplicaci\u00f3n<\/span><\/li>\n<\/ul>\n<p><b><\/b><\/p>\n<p><span style=\"font-weight: 400;\">Asimismo, se podr\u00e1 utilizar la informaci\u00f3n de la interacci\u00f3n de los usuarios con la APA para mantener y mejorar la aplicaci\u00f3n, con la finalidad de personalizar la experiencia del usuario.<\/span><\/p>\n<p><b><\/b><\/p>\n<ul>\n<li aria-level=\"1\"><b>SOBRE EL USO DE LA INFORMACI\u00d3N<\/b><\/li>\n<\/ul>\n<p><span style=\"font-weight: 400;\">La informaci\u00f3n recopilada se usa principalmente para facilitar el inicio de sesi\u00f3n del usuario en la Aplicaci\u00f3n.<\/span><\/p>\n<p><b><\/b><\/p>\n<ul>\n<li aria-level=\"1\"><b>FUNCIONALIDAD DE LA APLICACI\u00d3N<\/b><\/li>\n<\/ul>\n<p><span style=\"font-weight: 400;\">La aplicaci\u00f3n YAPRUEBAME tiene las siguientes funcionalidades:<\/span><\/p>\n<ol>\n<li style=\"font-weight: 400;\" aria-level=\"1\"><span style=\"font-weight: 400;\">Permitir a los usuarios aprobadores de Agromigiva realizar la aprobaci\u00f3n de los siguientes documentos log\u00edsticos de aprovisionamiento:<\/span><\/li>\n<\/ol>\n<p>&nbsp;<\/p>\n<ul>\n<li style=\"font-weight: 400;\" aria-level=\"1\"><span style=\"font-weight: 400;\">Solicitudes de Compra (Solped)<\/span><\/li>\n<li style=\"font-weight: 400;\" aria-level=\"1\"><span style=\"font-weight: 400;\">\u00d3rdenes de compra de bienes y servicios (OC\/OS)<\/span><\/li>\n<li style=\"font-weight: 400;\" aria-level=\"1\"><span style=\"font-weight: 400;\">Conformidades de servicios<\/span><\/li>\n<li style=\"font-weight: 400;\" aria-level=\"1\"><span style=\"font-weight: 400;\">Vales de consumo<\/span><\/li>\n<\/ul>\n<p><b><\/b><\/p>\n<ul>\n<li aria-level=\"1\"><b>SEGURIDAD DE LA INFORMACI\u00d3N<\/b><\/li>\n<\/ul>\n<p><span style=\"font-weight: 400;\">Implementamos medidas de seguridad adecuadas para resguardar la informaci\u00f3n que recopilamos, utilizando tecnolog\u00edas y procedimientos de seguridad para prevenir accesos no autorizados, divulgaciones, alteraciones o destrucci\u00f3n de sus datos personales. Asimismo, la informaci\u00f3n correspondiente a los documentos, as\u00ed como la interacci\u00f3n de los usuarios y la aplicaci\u00f3n, no ser\u00e1 divulgada por ser propiedad de la empresa Agr\u00edcola Los Buenos Muchachos de Pisco S.A.C.<\/span><\/p>\n<p><b><\/b><\/p>\n<ul>\n<li aria-level=\"1\"><b>DIVULGACI\u00d3N DE INFORMACI\u00d3N A TERCEROS<\/b><\/li>\n<\/ul>\n<p><span style=\"font-weight: 400;\">La informaci\u00f3n recopilada para el inicio de sesi\u00f3n no se compartir\u00e1 con terceros sin su consentimiento expreso, excepto en la medida necesaria para proporcionar los servicios de la aplicaci\u00f3n.<\/span><\/p>\n<p><b><\/b><\/p>\n<ul>\n<li aria-level=\"1\"><b>MODIFICACI\u00d3N DE LA POL\u00cdTICA DE PRIVACIDAD<\/b><\/li>\n<\/ul>\n<p><span style=\"font-weight: 400;\">Nos reservamos el derecho de modificar esta Pol\u00edtica de Privacidad en cualquier momento. Las modificaciones ser\u00e1n publicadas en la aplicaci\u00f3n y se considerar\u00e1n aceptados los cambios al continuar utilizando la Aplicaci\u00f3n despu\u00e9s de dichas modificaciones.<\/span><\/p>\n<p><b><\/b><\/p>\n<ul>\n<li aria-level=\"1\"><b>CONTACTO<\/b><\/li>\n<\/ul>\n<p><span style=\"font-weight: 400;\">Si tienes preguntas sobre esta Pol\u00edtica de Privacidad, cont\u00e1ctanos al siguiente correo: <\/span><a href=\"mailto:legal@migivagroup.com\"><span style=\"font-weight: 400;\">legal@migivagroup.com<\/span><\/a><span style=\"font-weight: 400;\">\u00a0<\/span><\/p>\n<p>[\/et_pb_text][\/et_pb_column][\/et_pb_row][\/et_pb_section]<\/p>\n","protected":false},"excerpt":{"rendered":"<p>Esta pol\u00edtica de privacidad, describe como Agr\u00edcola Los Buenos Muchachos de Pisco S.A.C. recopila, utiliza y comparte informaci\u00f3n en relaci\u00f3n con la aplicaci\u00f3n m\u00f3vil YAPRUEBAME. SOBRE LA INFORMACI\u00d3N RECOPILADA Como usuario de la Aplicaci\u00f3n, ponemos en su conocimiento que los datos que recopilamos son utilizados \u00fanica y exclusivamente para garantizar el buen funcionamiento de la [&hellip;]<\/p>\n","protected":false},"author":3,"featured_media":0,"parent":0,"menu_order":0,"comment_status":"closed","ping_status":"closed","template":"","meta":{"_et_pb_use_builder":"on","_et_pb_old_content":"","_et_gb_content_width":"","footnotes":""},"class_list":["post-14129","page","type-page","status-publish","hentry"],"yoast_head":"<!-- This site is optimized with the Yoast SEO plugin v27.4 - https:\/\/yoast.com\/product\/yoast-seo-wordpress\/ -->\n<title>POL\u00cdTICA DE PRIVACIDAD DE LA APLICACI\u00d3N YAPRUEBAME | Buenos Muchachos de Pisco<\/title>\n<meta name=\"robots\" content=\"index, follow, max-snippet:-1, max-image-preview:large, max-video-preview:-1\" \/>\n<link rel=\"canonical\" href=\"https:\/\/bmp.pe\/en\/politica-de-privacidad-de-la-aplicacion-yapruebame\/\" \/>\n<meta property=\"og:locale\" content=\"en_US\" \/>\n<meta property=\"og:type\" content=\"article\" \/>\n<meta property=\"og:title\" content=\"POL\u00cdTICA DE PRIVACIDAD DE LA APLICACI\u00d3N YAPRUEBAME | Buenos Muchachos de Pisco\" \/>\n<meta property=\"og:description\" content=\"COLABORADORESHoras hombre capacitaci\u00f3nCajas de uva exportadas (2021)Cajas de ar\u00e1ndano exportadas (2021)\" \/>\n<meta property=\"og:url\" content=\"https:\/\/bmp.pe\/en\/politica-de-privacidad-de-la-aplicacion-yapruebame\/\" \/>\n<meta property=\"og:site_name\" content=\"Buenos Muchachos de Pisco\" \/>\n<meta property=\"article:modified_time\" content=\"2024-10-08T13:48:37+00:00\" \/>\n<meta name=\"twitter:card\" content=\"summary_large_image\" \/>\n<script type=\"application\/ld+json\" class=\"yoast-schema-graph\">{\"@context\":\"https:\\\/\\\/schema.org\",\"@graph\":[{\"@type\":\"WebPage\",\"@id\":\"https:\\\/\\\/bmp.pe\\\/en\\\/politica-de-privacidad-de-la-aplicacion-yapruebame\\\/\",\"url\":\"https:\\\/\\\/bmp.pe\\\/en\\\/politica-de-privacidad-de-la-aplicacion-yapruebame\\\/\",\"name\":\"POL\u00cdTICA DE PRIVACIDAD DE LA APLICACI\u00d3N YAPRUEBAME | Buenos Muchachos de Pisco\",\"isPartOf\":{\"@id\":\"https:\\\/\\\/bmp.pe\\\/en\\\/#website\"},\"datePublished\":\"2024-10-08T13:44:33+00:00\",\"dateModified\":\"2024-10-08T13:48:37+00:00\",\"breadcrumb\":{\"@id\":\"https:\\\/\\\/bmp.pe\\\/en\\\/politica-de-privacidad-de-la-aplicacion-yapruebame\\\/#breadcrumb\"},\"inLanguage\":\"en-US\",\"potentialAction\":[{\"@type\":\"ReadAction\",\"target\":[\"https:\\\/\\\/bmp.pe\\\/en\\\/politica-de-privacidad-de-la-aplicacion-yapruebame\\\/\"]}]},{\"@type\":\"BreadcrumbList\",\"@id\":\"https:\\\/\\\/bmp.pe\\\/en\\\/politica-de-privacidad-de-la-aplicacion-yapruebame\\\/#breadcrumb\",\"itemListElement\":[{\"@type\":\"ListItem\",\"position\":1,\"name\":\"Portada\",\"item\":\"https:\\\/\\\/bmp.pe\\\/en\\\/\"},{\"@type\":\"ListItem\",\"position\":2,\"name\":\"POL\u00cdTICA DE PRIVACIDAD DE LA APLICACI\u00d3N YAPRUEBAME\"}]},{\"@type\":\"WebSite\",\"@id\":\"https:\\\/\\\/bmp.pe\\\/en\\\/#website\",\"url\":\"https:\\\/\\\/bmp.pe\\\/en\\\/\",\"name\":\"Buenos Muchachos de Pisco\",\"description\":\"We are weavers of development\",\"publisher\":{\"@id\":\"https:\\\/\\\/bmp.pe\\\/en\\\/#organization\"},\"potentialAction\":[{\"@type\":\"SearchAction\",\"target\":{\"@type\":\"EntryPoint\",\"urlTemplate\":\"https:\\\/\\\/bmp.pe\\\/en\\\/?s={search_term_string}\"},\"query-input\":{\"@type\":\"PropertyValueSpecification\",\"valueRequired\":true,\"valueName\":\"search_term_string\"}}],\"inLanguage\":\"en-US\"},{\"@type\":\"Organization\",\"@id\":\"https:\\\/\\\/bmp.pe\\\/en\\\/#organization\",\"name\":\"Buenos Muchachos de Pisco\",\"url\":\"https:\\\/\\\/bmp.pe\\\/en\\\/\",\"logo\":{\"@type\":\"ImageObject\",\"inLanguage\":\"en-US\",\"@id\":\"https:\\\/\\\/bmp.pe\\\/en\\\/#\\\/schema\\\/logo\\\/image\\\/\",\"url\":\"https:\\\/\\\/bmp.pe\\\/en\\\/wp-content\\\/uploads\\\/sites\\\/3\\\/2022\\\/08\\\/cropped-logo_bmp.png\",\"contentUrl\":\"https:\\\/\\\/bmp.pe\\\/en\\\/wp-content\\\/uploads\\\/sites\\\/3\\\/2022\\\/08\\\/cropped-logo_bmp.png\",\"width\":512,\"height\":512,\"caption\":\"Buenos Muchachos de Pisco\"},\"image\":{\"@id\":\"https:\\\/\\\/bmp.pe\\\/en\\\/#\\\/schema\\\/logo\\\/image\\\/\"}}]}<\/script>\n<!-- \/ Yoast SEO plugin. -->","yoast_head_json":{"title":"POL\u00cdTICA DE PRIVACIDAD DE LA APLICACI\u00d3N YAPRUEBAME | Buenos Muchachos de Pisco","robots":{"index":"index","follow":"follow","max-snippet":"max-snippet:-1","max-image-preview":"max-image-preview:large","max-video-preview":"max-video-preview:-1"},"canonical":"https:\/\/bmp.pe\/en\/politica-de-privacidad-de-la-aplicacion-yapruebame\/","og_locale":"en_US","og_type":"article","og_title":"POL\u00cdTICA DE PRIVACIDAD DE LA APLICACI\u00d3N YAPRUEBAME | Buenos Muchachos de Pisco","og_description":"COLABORADORESHoras hombre capacitaci\u00f3nCajas de uva exportadas (2021)Cajas de ar\u00e1ndano exportadas (2021)","og_url":"https:\/\/bmp.pe\/en\/politica-de-privacidad-de-la-aplicacion-yapruebame\/","og_site_name":"Buenos Muchachos de Pisco","article_modified_time":"2024-10-08T13:48:37+00:00","twitter_card":"summary_large_image","schema":{"@context":"https:\/\/schema.org","@graph":[{"@type":"WebPage","@id":"https:\/\/bmp.pe\/en\/politica-de-privacidad-de-la-aplicacion-yapruebame\/","url":"https:\/\/bmp.pe\/en\/politica-de-privacidad-de-la-aplicacion-yapruebame\/","name":"POL\u00cdTICA DE PRIVACIDAD DE LA APLICACI\u00d3N YAPRUEBAME | Buenos Muchachos de Pisco","isPartOf":{"@id":"https:\/\/bmp.pe\/en\/#website"},"datePublished":"2024-10-08T13:44:33+00:00","dateModified":"2024-10-08T13:48:37+00:00","breadcrumb":{"@id":"https:\/\/bmp.pe\/en\/politica-de-privacidad-de-la-aplicacion-yapruebame\/#breadcrumb"},"inLanguage":"en-US","potentialAction":[{"@type":"ReadAction","target":["https:\/\/bmp.pe\/en\/politica-de-privacidad-de-la-aplicacion-yapruebame\/"]}]},{"@type":"BreadcrumbList","@id":"https:\/\/bmp.pe\/en\/politica-de-privacidad-de-la-aplicacion-yapruebame\/#breadcrumb","itemListElement":[{"@type":"ListItem","position":1,"name":"Portada","item":"https:\/\/bmp.pe\/en\/"},{"@type":"ListItem","position":2,"name":"POL\u00cdTICA DE PRIVACIDAD DE LA APLICACI\u00d3N YAPRUEBAME"}]},{"@type":"WebSite","@id":"https:\/\/bmp.pe\/en\/#website","url":"https:\/\/bmp.pe\/en\/","name":"Buenos Muchachos de Pisco","description":"We are weavers of development","publisher":{"@id":"https:\/\/bmp.pe\/en\/#organization"},"potentialAction":[{"@type":"SearchAction","target":{"@type":"EntryPoint","urlTemplate":"https:\/\/bmp.pe\/en\/?s={search_term_string}"},"query-input":{"@type":"PropertyValueSpecification","valueRequired":true,"valueName":"search_term_string"}}],"inLanguage":"en-US"},{"@type":"Organization","@id":"https:\/\/bmp.pe\/en\/#organization","name":"Buenos Muchachos de Pisco","url":"https:\/\/bmp.pe\/en\/","logo":{"@type":"ImageObject","inLanguage":"en-US","@id":"https:\/\/bmp.pe\/en\/#\/schema\/logo\/image\/","url":"https:\/\/bmp.pe\/en\/wp-content\/uploads\/sites\/3\/2022\/08\/cropped-logo_bmp.png","contentUrl":"https:\/\/bmp.pe\/en\/wp-content\/uploads\/sites\/3\/2022\/08\/cropped-logo_bmp.png","width":512,"height":512,"caption":"Buenos Muchachos de Pisco"},"image":{"@id":"https:\/\/bmp.pe\/en\/#\/schema\/logo\/image\/"}}]}},"_links":{"self":[{"href":"https:\/\/bmp.pe\/en\/wp-json\/wp\/v2\/pages\/14129","targetHints":{"allow":["GET"]}}],"collection":[{"href":"https:\/\/bmp.pe\/en\/wp-json\/wp\/v2\/pages"}],"about":[{"href":"https:\/\/bmp.pe\/en\/wp-json\/wp\/v2\/types\/page"}],"author":[{"embeddable":true,"href":"https:\/\/bmp.pe\/en\/wp-json\/wp\/v2\/users\/3"}],"replies":[{"embeddable":true,"href":"https:\/\/bmp.pe\/en\/wp-json\/wp\/v2\/comments?post=14129"}],"version-history":[{"count":3,"href":"https:\/\/bmp.pe\/en\/wp-json\/wp\/v2\/pages\/14129\/revisions"}],"predecessor-version":[{"id":14133,"href":"https:\/\/bmp.pe\/en\/wp-json\/wp\/v2\/pages\/14129\/revisions\/14133"}],"wp:attachment":[{"href":"https:\/\/bmp.pe\/en\/wp-json\/wp\/v2\/media?parent=14129"}],"curies":[{"name":"wp","href":"https:\/\/api.w.org\/{rel}","templated":true}]}}